{"id":367,"date":"2018-03-22T06:21:55","date_gmt":"2018-03-22T06:21:55","guid":{"rendered":"https:\/\/demo.themegrill.com\/radiate-pro\/?page_id=354"},"modified":"2021-03-25T20:55:36","modified_gmt":"2021-03-25T20:55:36","slug":"contact","status":"publish","type":"page","link":"https:\/\/www.quimicel.com\/v2\/contact\/","title":{"rendered":"Contacto"},"content":{"rendered":"<p><b>Quimicel Suministros de Limpieza<br \/>\nc\/Larga, 28<br \/>\n05213 Nava de Ar\u00e9valo (\u00c1vila)<br \/>\nTel\u00e9fono y Fax: 920 314 013<br \/>\nMovil: 649 742 655<\/b><\/p>\n","protected":false},"excerpt":{"rendered":"<p>Quimicel Suministros de Limpieza c\/Larga, 28 05213 Nava de Ar\u00e9valo (\u00c1vila) Tel\u00e9fono y Fax: 920 314 013 Movil: 649 742 655<\/p>\n","protected":false},"author":1,"featured_media":0,"parent":0,"menu_order":0,"comment_status":"closed","ping_status":"closed","template":"","meta":{"footnotes":""},"yoast_head":"<!-- This site is optimized with the Yoast SEO plugin v21.1 - https:\/\/yoast.com\/wordpress\/plugins\/seo\/ -->\n<title>Contacto -<\/title>\n<meta name=\"robots\" content=\"index, follow, max-snippet:-1, max-image-preview:large, max-video-preview:-1\" \/>\n<link rel=\"canonical\" href=\"https:\/\/www.quimicel.com\/v2\/contact\/\" \/>\n<meta property=\"og:locale\" content=\"es_ES\" \/>\n<meta property=\"og:type\" content=\"article\" \/>\n<meta property=\"og:title\" content=\"Contacto -\" \/>\n<meta property=\"og:description\" content=\"Quimicel Suministros de Limpieza c\/Larga, 28 05213 Nava de Ar\u00e9valo (\u00c1vila) Tel\u00e9fono y Fax: 920 314 013 Movil: 649 742 655\" \/>\n<meta property=\"og:url\" content=\"https:\/\/www.quimicel.com\/v2\/contact\/\" \/>\n<meta property=\"article:modified_time\" content=\"2021-03-25T20:55:36+00:00\" \/>\n<meta name=\"twitter:card\" content=\"summary_large_image\" \/>\n<script type=\"application\/ld+json\" class=\"yoast-schema-graph\">{\"@context\":\"https:\/\/schema.org\",\"@graph\":[{\"@type\":\"WebPage\",\"@id\":\"https:\/\/www.quimicel.com\/v2\/contact\/\",\"url\":\"https:\/\/www.quimicel.com\/v2\/contact\/\",\"name\":\"Contacto -\",\"isPartOf\":{\"@id\":\"https:\/\/www.quimicel.com\/v2\/#website\"},\"datePublished\":\"2018-03-22T06:21:55+00:00\",\"dateModified\":\"2021-03-25T20:55:36+00:00\",\"breadcrumb\":{\"@id\":\"https:\/\/www.quimicel.com\/v2\/contact\/#breadcrumb\"},\"inLanguage\":\"es\",\"potentialAction\":[{\"@type\":\"ReadAction\",\"target\":[\"https:\/\/www.quimicel.com\/v2\/contact\/\"]}]},{\"@type\":\"BreadcrumbList\",\"@id\":\"https:\/\/www.quimicel.com\/v2\/contact\/#breadcrumb\",\"itemListElement\":[{\"@type\":\"ListItem\",\"position\":1,\"name\":\"Portada\",\"item\":\"https:\/\/www.quimicel.com\/v2\/\"},{\"@type\":\"ListItem\",\"position\":2,\"name\":\"Contacto\"}]},{\"@type\":\"WebSite\",\"@id\":\"https:\/\/www.quimicel.com\/v2\/#website\",\"url\":\"https:\/\/www.quimicel.com\/v2\/\",\"name\":\"Quimicel Suministros de limpieza\",\"description\":\"\",\"publisher\":{\"@id\":\"https:\/\/www.quimicel.com\/v2\/#organization\"},\"potentialAction\":[{\"@type\":\"SearchAction\",\"target\":{\"@type\":\"EntryPoint\",\"urlTemplate\":\"https:\/\/www.quimicel.com\/v2\/?s={search_term_string}\"},\"query-input\":\"required name=search_term_string\"}],\"inLanguage\":\"es\"},{\"@type\":\"Organization\",\"@id\":\"https:\/\/www.quimicel.com\/v2\/#organization\",\"name\":\"Quimicel Suministros de limpieza\",\"url\":\"https:\/\/www.quimicel.com\/v2\/\",\"logo\":{\"@type\":\"ImageObject\",\"inLanguage\":\"es\",\"@id\":\"https:\/\/www.quimicel.com\/v2\/#\/schema\/logo\/image\/\",\"url\":\"https:\/\/www.quimicel.com\/v2\/wp-content\/uploads\/2020\/10\/quimicel_5.png\",\"contentUrl\":\"https:\/\/www.quimicel.com\/v2\/wp-content\/uploads\/2020\/10\/quimicel_5.png\",\"width\":131,\"height\":68,\"caption\":\"Quimicel Suministros de limpieza\"},\"image\":{\"@id\":\"https:\/\/www.quimicel.com\/v2\/#\/schema\/logo\/image\/\"}}]}<\/script>\n<!-- \/ Yoast SEO plugin. -->","yoast_head_json":{"title":"Contacto -","robots":{"index":"index","follow":"follow","max-snippet":"max-snippet:-1","max-image-preview":"max-image-preview:large","max-video-preview":"max-video-preview:-1"},"canonical":"https:\/\/www.quimicel.com\/v2\/contact\/","og_locale":"es_ES","og_type":"article","og_title":"Contacto -","og_description":"Quimicel Suministros de Limpieza c\/Larga, 28 05213 Nava de Ar\u00e9valo (\u00c1vila) Tel\u00e9fono y Fax: 920 314 013 Movil: 649 742 655","og_url":"https:\/\/www.quimicel.com\/v2\/contact\/","article_modified_time":"2021-03-25T20:55:36+00:00","twitter_card":"summary_large_image","schema":{"@context":"https:\/\/schema.org","@graph":[{"@type":"WebPage","@id":"https:\/\/www.quimicel.com\/v2\/contact\/","url":"https:\/\/www.quimicel.com\/v2\/contact\/","name":"Contacto -","isPartOf":{"@id":"https:\/\/www.quimicel.com\/v2\/#website"},"datePublished":"2018-03-22T06:21:55+00:00","dateModified":"2021-03-25T20:55:36+00:00","breadcrumb":{"@id":"https:\/\/www.quimicel.com\/v2\/contact\/#breadcrumb"},"inLanguage":"es","potentialAction":[{"@type":"ReadAction","target":["https:\/\/www.quimicel.com\/v2\/contact\/"]}]},{"@type":"BreadcrumbList","@id":"https:\/\/www.quimicel.com\/v2\/contact\/#breadcrumb","itemListElement":[{"@type":"ListItem","position":1,"name":"Portada","item":"https:\/\/www.quimicel.com\/v2\/"},{"@type":"ListItem","position":2,"name":"Contacto"}]},{"@type":"WebSite","@id":"https:\/\/www.quimicel.com\/v2\/#website","url":"https:\/\/www.quimicel.com\/v2\/","name":"Quimicel Suministros de limpieza","description":"","publisher":{"@id":"https:\/\/www.quimicel.com\/v2\/#organization"},"potentialAction":[{"@type":"SearchAction","target":{"@type":"EntryPoint","urlTemplate":"https:\/\/www.quimicel.com\/v2\/?s={search_term_string}"},"query-input":"required name=search_term_string"}],"inLanguage":"es"},{"@type":"Organization","@id":"https:\/\/www.quimicel.com\/v2\/#organization","name":"Quimicel Suministros de limpieza","url":"https:\/\/www.quimicel.com\/v2\/","logo":{"@type":"ImageObject","inLanguage":"es","@id":"https:\/\/www.quimicel.com\/v2\/#\/schema\/logo\/image\/","url":"https:\/\/www.quimicel.com\/v2\/wp-content\/uploads\/2020\/10\/quimicel_5.png","contentUrl":"https:\/\/www.quimicel.com\/v2\/wp-content\/uploads\/2020\/10\/quimicel_5.png","width":131,"height":68,"caption":"Quimicel Suministros de limpieza"},"image":{"@id":"https:\/\/www.quimicel.com\/v2\/#\/schema\/logo\/image\/"}}]}},"_links":{"self":[{"href":"https:\/\/www.quimicel.com\/v2\/wp-json\/wp\/v2\/pages\/367"}],"collection":[{"href":"https:\/\/www.quimicel.com\/v2\/wp-json\/wp\/v2\/pages"}],"about":[{"href":"https:\/\/www.quimicel.com\/v2\/wp-json\/wp\/v2\/types\/page"}],"author":[{"embeddable":true,"href":"https:\/\/www.quimicel.com\/v2\/wp-json\/wp\/v2\/users\/1"}],"replies":[{"embeddable":true,"href":"https:\/\/www.quimicel.com\/v2\/wp-json\/wp\/v2\/comments?post=367"}],"version-history":[{"count":5,"href":"https:\/\/www.quimicel.com\/v2\/wp-json\/wp\/v2\/pages\/367\/revisions"}],"predecessor-version":[{"id":556,"href":"https:\/\/www.quimicel.com\/v2\/wp-json\/wp\/v2\/pages\/367\/revisions\/556"}],"wp:attachment":[{"href":"https:\/\/www.quimicel.com\/v2\/wp-json\/wp\/v2\/media?parent=367"}],"curies":[{"name":"wp","href":"https:\/\/api.w.org\/{rel}","templated":true}]}}